{"id":258,"date":"2018-01-22T10:17:40","date_gmt":"2018-01-22T14:17:40","guid":{"rendered":"http:\/\/ayuntamientopuertoplata.gob.do\/transparencia\/?page_id=258"},"modified":"2024-05-08T09:56:34","modified_gmt":"2024-05-08T13:56:34","slug":"responsable-de-acceso-a-la-informacion","status":"publish","type":"page","link":"https:\/\/ayuntamientopuertoplata.gob.do\/transparencia\/responsable-de-acceso-a-la-informacion\/","title":{"rendered":"Responsable de Acceso a la Informaci\u00f3n"},"content":{"rendered":"<p><b>Bellaline Polanco Gonz\u00e1lez<\/b><br \/>\nEnc. Oficina de Libre Acceso a la Informaci\u00f3n P\u00fablica<br \/>\nAyuntamiento Puerto Plata<\/p>\n<p>Tel.: (809) 291-0003 | Correo: bpolanco@ayuntamientopuertoplata.gob.do \/ oaiayuntamientopuertoplata@gmail.com<\/p>\n","protected":false},"excerpt":{"rendered":"Bellaline Polanco Gonz\u00e1lez Enc. Oficina de Libre Acceso a la Informaci\u00f3n P\u00fablica Ayuntamiento Puerto Plata Tel.: (809) 291-0003 | Correo: bpolanco@ayuntamientopuertoplata.gob.do \/ oaiayuntamientopuertoplata@gmail.com","protected":false},"author":4,"featured_media":0,"parent":0,"menu_order":0,"comment_status":"closed","ping_status":"closed","template":"","meta":[],"acf":[],"_links":{"self":[{"href":"https:\/\/ayuntamientopuertoplata.gob.do\/transparencia\/wp-json\/wp\/v2\/pages\/258"}],"collection":[{"href":"https:\/\/ayuntamientopuertoplata.gob.do\/transparencia\/wp-json\/wp\/v2\/pages"}],"about":[{"href":"https:\/\/ayuntamientopuertoplata.gob.do\/transparencia\/wp-json\/wp\/v2\/types\/page"}],"author":[{"embeddable":true,"href":"https:\/\/ayuntamientopuertoplata.gob.do\/transparencia\/wp-json\/wp\/v2\/users\/4"}],"replies":[{"embeddable":true,"href":"https:\/\/ayuntamientopuertoplata.gob.do\/transparencia\/wp-json\/wp\/v2\/comments?post=258"}],"version-history":[{"count":4,"href":"https:\/\/ayuntamientopuertoplata.gob.do\/transparencia\/wp-json\/wp\/v2\/pages\/258\/revisions"}],"predecessor-version":[{"id":2684,"href":"https:\/\/ayuntamientopuertoplata.gob.do\/transparencia\/wp-json\/wp\/v2\/pages\/258\/revisions\/2684"}],"wp:attachment":[{"href":"https:\/\/ayuntamientopuertoplata.gob.do\/transparencia\/wp-json\/wp\/v2\/media?parent=258"}],"curies":[{"name":"wp","href":"https:\/\/api.w.org\/{rel}","templated":true}]}}