{"id":335,"date":"2018-01-22T15:09:43","date_gmt":"2018-01-22T19:09:43","guid":{"rendered":"http:\/\/ayuntamientopuertoplata.gob.do\/transparencia\/?page_id=335"},"modified":"2025-10-31T10:56:32","modified_gmt":"2025-10-31T14:56:32","slug":"lista-de-proveedores","status":"publish","type":"page","link":"https:\/\/ayuntamientopuertoplata.gob.do\/transparencia\/lista-de-proveedores\/","title":{"rendered":"Lista de proveedores"},"content":{"rendered":"\n\n\n<p>En cumplimiento con las disposiciones de la Ley 340-06 sobre Compras y Contrataciones, la Ayuntamiento Municipal de Puerto Plata, utiliza \u00fanica y exclusivamente los proveedores calificados por la Direcci\u00f3n General de Contrataciones P\u00fablicas, a trav\u00e9s del Registro de Proveedores del Estado (RPE).<\/p>\n<p>Para consultar los Proveedores Calificados de ofrecer bienes y servicios, favor consultar el siguiente enlace:<\/p>\n<p><a href=\"http:\/\/comprasdominicana.gov.do\/\" target=\"_blank\" rel=\"noopener\">http:\/\/comprasdominicana.gov.do\/\u00a0<\/a><\/p>\n","protected":false},"excerpt":{"rendered":"En cumplimiento con las disposiciones de la Ley 340-06 sobre Compras y Contrataciones, la Ayuntamiento Municipal de Puerto Plata, utiliza \u00fanica y exclusivamente los proveedores calificados por la Direcci\u00f3n General de Contrataciones P\u00fablicas, a trav\u00e9s del Registro de Proveedores del Estado (RPE). Para consultar los Proveedores Calificados de ofrecer bienes y servicios, favor consultar el&#8230;","protected":false},"author":4,"featured_media":0,"parent":0,"menu_order":0,"comment_status":"closed","ping_status":"closed","template":"","meta":[],"acf":[],"_links":{"self":[{"href":"https:\/\/ayuntamientopuertoplata.gob.do\/transparencia\/wp-json\/wp\/v2\/pages\/335"}],"collection":[{"href":"https:\/\/ayuntamientopuertoplata.gob.do\/transparencia\/wp-json\/wp\/v2\/pages"}],"about":[{"href":"https:\/\/ayuntamientopuertoplata.gob.do\/transparencia\/wp-json\/wp\/v2\/types\/page"}],"author":[{"embeddable":true,"href":"https:\/\/ayuntamientopuertoplata.gob.do\/transparencia\/wp-json\/wp\/v2\/users\/4"}],"replies":[{"embeddable":true,"href":"https:\/\/ayuntamientopuertoplata.gob.do\/transparencia\/wp-json\/wp\/v2\/comments?post=335"}],"version-history":[{"count":5,"href":"https:\/\/ayuntamientopuertoplata.gob.do\/transparencia\/wp-json\/wp\/v2\/pages\/335\/revisions"}],"predecessor-version":[{"id":3311,"href":"https:\/\/ayuntamientopuertoplata.gob.do\/transparencia\/wp-json\/wp\/v2\/pages\/335\/revisions\/3311"}],"wp:attachment":[{"href":"https:\/\/ayuntamientopuertoplata.gob.do\/transparencia\/wp-json\/wp\/v2\/media?parent=335"}],"curies":[{"name":"wp","href":"https:\/\/api.w.org\/{rel}","templated":true}]}}