{"id":339,"date":"2018-01-22T15:11:07","date_gmt":"2018-01-22T19:11:07","guid":{"rendered":"http:\/\/ayuntamientopuertoplata.gob.do\/transparencia\/?page_id=339"},"modified":"2018-02-13T11:32:06","modified_gmt":"2018-02-13T15:32:06","slug":"como-ser-proveedor","status":"publish","type":"page","link":"https:\/\/ayuntamientopuertoplata.gob.do\/transparencia\/como-ser-proveedor\/","title":{"rendered":"\u00bfC\u00f3mo ser proveedor?"},"content":{"rendered":"<p class=\"paragraph ng-attr-widget\"><em>PASOS PARA INSCRIBIRSE EN EL REGISTRO DE PROVEEDORES DEL ESTADO (RPE).<\/em><br \/>\nLa Inscripci\u00f3n en el Registro de Proveedores del Estado puede realizarse f\u00edsicamente o mediante la solicitud de inscripci\u00f3n digital, la cual ser\u00e1 aprobada al momento de completar la documentaci\u00f3n requerida en nuestras oficinas, en un plazo no mayor de 4 d\u00edas.<\/p>\n<p><strong><a href=\"http:\/\/www.dgcp.gob.do\/new_dgcp\/documentos\/registro_de_proveedores\/como_inscribirse\/FORMULARIO%20REGISTRO%20PROVEEDORES.PDF\">Descargar formulario de registro (formato pdf)<\/a><\/strong><\/p>\n","protected":false},"excerpt":{"rendered":"PASOS PARA INSCRIBIRSE EN EL REGISTRO DE PROVEEDORES DEL ESTADO (RPE). La Inscripci\u00f3n en el Registro de Proveedores del Estado puede realizarse f\u00edsicamente o mediante la solicitud de inscripci\u00f3n digital, la cual ser\u00e1 aprobada al momento de completar la documentaci\u00f3n requerida en nuestras oficinas, en un plazo no mayor de 4 d\u00edas. Descargar formulario de&#8230;","protected":false},"author":4,"featured_media":0,"parent":0,"menu_order":0,"comment_status":"closed","ping_status":"closed","template":"","meta":[],"acf":[],"_links":{"self":[{"href":"https:\/\/ayuntamientopuertoplata.gob.do\/transparencia\/wp-json\/wp\/v2\/pages\/339"}],"collection":[{"href":"https:\/\/ayuntamientopuertoplata.gob.do\/transparencia\/wp-json\/wp\/v2\/pages"}],"about":[{"href":"https:\/\/ayuntamientopuertoplata.gob.do\/transparencia\/wp-json\/wp\/v2\/types\/page"}],"author":[{"embeddable":true,"href":"https:\/\/ayuntamientopuertoplata.gob.do\/transparencia\/wp-json\/wp\/v2\/users\/4"}],"replies":[{"embeddable":true,"href":"https:\/\/ayuntamientopuertoplata.gob.do\/transparencia\/wp-json\/wp\/v2\/comments?post=339"}],"version-history":[{"count":2,"href":"https:\/\/ayuntamientopuertoplata.gob.do\/transparencia\/wp-json\/wp\/v2\/pages\/339\/revisions"}],"predecessor-version":[{"id":393,"href":"https:\/\/ayuntamientopuertoplata.gob.do\/transparencia\/wp-json\/wp\/v2\/pages\/339\/revisions\/393"}],"wp:attachment":[{"href":"https:\/\/ayuntamientopuertoplata.gob.do\/transparencia\/wp-json\/wp\/v2\/media?parent=339"}],"curies":[{"name":"wp","href":"https:\/\/api.w.org\/{rel}","templated":true}]}}